{"id":94,"date":"2025-10-26T15:15:47","date_gmt":"2025-10-26T14:15:47","guid":{"rendered":"https:\/\/itsupportmanden.dk\/?page_id=94"},"modified":"2025-12-09T10:14:25","modified_gmt":"2025-12-09T09:14:25","slug":"book-tid","status":"publish","type":"page","link":"https:\/\/itsupportmanden.dk\/index.php\/book-tid\/","title":{"rendered":"BOOK TID"},"content":{"rendered":"\t\t<div data-elementor-type=\"wp-page\" data-elementor-id=\"94\" class=\"elementor elementor-94\">\n\t\t\t\t<div class=\"elementor-element elementor-element-41fb53a e-flex e-con-boxed e-con e-parent\" data-id=\"41fb53a\" data-element_type=\"container\" data-e-type=\"container\">\n\t\t\t\t\t<div class=\"e-con-inner\">\n\t\t\t\t<div class=\"elementor-element elementor-element-ab72462 elementor-widget elementor-widget-heading\" data-id=\"ab72462\" data-element_type=\"widget\" data-e-type=\"widget\" data-widget_type=\"heading.default\">\n\t\t\t\t\t<h1 class=\"elementor-heading-title elementor-size-default\">BOOK TID<\/h1>\t\t\t\t<\/div>\n\t\t\t\t<div class=\"elementor-element elementor-element-eb480fe elementor-widget elementor-widget-text-editor\" data-id=\"eb480fe\" data-element_type=\"widget\" data-e-type=\"widget\" data-widget_type=\"text-editor.default\">\n\t\t\t\t\t\t\t\t\t<p><strong>Her har du mulighed for at booke din support tid.<\/strong><br \/><strong>&#8211; Alle tiderne ligger om eftermiddagen, da formiddagen er til drop-in.<\/strong><\/p>\t\t\t\t\t\t\t\t<\/div>\n\t\t\t\t\t<\/div>\n\t\t\t\t<\/div>\n\t\t<div class=\"elementor-element elementor-element-d66cf3e e-flex e-con-boxed e-con e-parent\" data-id=\"d66cf3e\" data-element_type=\"container\" data-e-type=\"container\">\n\t\t\t\t\t<div class=\"e-con-inner\">\n\t\t\t\t<div class=\"elementor-element elementor-element-eae12ea elementor-widget elementor-widget-shortcode\" data-id=\"eae12ea\" data-element_type=\"widget\" data-e-type=\"widget\" data-widget_type=\"shortcode.default\">\n\t\t\t\t\t\t\t<div class=\"elementor-shortcode\"><!-- Calendly link widget begin -->\n<link href=\"https:\/\/assets.calendly.com\/assets\/external\/widget.css\" rel=\"stylesheet\">\n<script src=\"https:\/\/assets.calendly.com\/assets\/external\/widget.js\" type=\"text\/javascript\" async><\/script>\n<a href=\"\" onclick=\"Calendly.initPopupWidget({url: 'https:\/\/calendly.com\/itsupportmanden\/30min'});return false;\" class=\"booktidbillede\"><img decoding=\"async\" src=\"https:\/\/itsupportmanden.dk\/wp-content\/uploads\/2025\/10\/25-MIN.png\"><\/a>\n<!-- Calendly link widget end --><\/div>\n\t\t\t\t\t\t<\/div>\n\t\t\t\t<div class=\"elementor-element elementor-element-19a6eec elementor-widget elementor-widget-shortcode\" data-id=\"19a6eec\" data-element_type=\"widget\" data-e-type=\"widget\" data-widget_type=\"shortcode.default\">\n\t\t\t\t\t\t\t<div class=\"elementor-shortcode\"><!-- Calendly link widget begin -->\n<link href=\"https:\/\/assets.calendly.com\/assets\/external\/widget.css\" rel=\"stylesheet\">\n<script src=\"https:\/\/assets.calendly.com\/assets\/external\/widget.js\" type=\"text\/javascript\" async><\/script>\n<a href=\"\" onclick=\"Calendly.initPopupWidget({url: 'https:\/\/calendly.com\/itsupportmanden\/55-minutter-support'});return false;\" class=\"booktidbillede\"><img decoding=\"async\" src=\"https:\/\/itsupportmanden.dk\/wp-content\/uploads\/2025\/10\/55-MIN.png\"<\/a>\n<!-- Calendly link widget end --><\/div>\n\t\t\t\t\t\t<\/div>\n\t\t\t\t<div class=\"elementor-element elementor-element-c4f5b0c elementor-widget elementor-widget-shortcode\" data-id=\"c4f5b0c\" data-element_type=\"widget\" data-e-type=\"widget\" data-widget_type=\"shortcode.default\">\n\t\t\t\t\t\t\t<div class=\"elementor-shortcode\"><!-- Calendly link widget begin -->\n<link href=\"https:\/\/assets.calendly.com\/assets\/external\/widget.css\" rel=\"stylesheet\">\n<script src=\"https:\/\/assets.calendly.com\/assets\/external\/widget.js\" type=\"text\/javascript\" async><\/script>\n<a href=\"\" onclick=\"Calendly.initPopupWidget({url: 'https:\/\/calendly.com\/itsupportmanden\/55-minutter-home'});return false;\" class=\"booktidbillede\"><img decoding=\"async\" src=\"https:\/\/itsupportmanden.dk\/wp-content\/uploads\/2025\/10\/UD.png\"<\/a>\n<!-- Calendly link widget end --><\/div>\n\t\t\t\t\t\t<\/div>\n\t\t\t\t\t<\/div>\n\t\t\t\t<\/div>\n\t\t<div class=\"elementor-element elementor-element-b77934b e-flex e-con-boxed e-con e-parent\" data-id=\"b77934b\" data-element_type=\"container\" data-e-type=\"container\">\n\t\t\t\t\t<div class=\"e-con-inner\">\n\t\t\t\t<div class=\"elementor-element elementor-element-43f414f elementor-widget elementor-widget-text-editor\" data-id=\"43f414f\" data-element_type=\"widget\" data-e-type=\"widget\" data-widget_type=\"text-editor.default\">\n\t\t\t\t\t\t\t\t\t<p>Har du bestilt tid, men er n\u00f8d til at aflyse, er det vigtig at du aflyser i den bekr\u00e6ftelsesmail du har modtaget eller ringer til mig.<br>Senest 24 timer f\u00f8r aftalen, for at undg\u00e5 gebyr.<\/p>\n<p><\/p>\t\t\t\t\t\t\t\t<\/div>\n\t\t\t\t\t<\/div>\n\t\t\t\t<\/div>\n\t\t\t\t<\/div>\n\t\t","protected":false},"excerpt":{"rendered":"<p>BOOK TID Her har du mulighed for at booke din support tid.&#8211; Alle tiderne ligger om eftermiddagen, da formiddagen er til drop-in.<\/p>\n","protected":false},"author":1,"featured_media":0,"parent":0,"menu_order":0,"comment_status":"closed","ping_status":"closed","template":"","meta":{"footnotes":""},"class_list":["post-94","page","type-page","status-publish","hentry"],"_links":{"self":[{"href":"https:\/\/itsupportmanden.dk\/index.php\/wp-json\/wp\/v2\/pages\/94","targetHints":{"allow":["GET"]}}],"collection":[{"href":"https:\/\/itsupportmanden.dk\/index.php\/wp-json\/wp\/v2\/pages"}],"about":[{"href":"https:\/\/itsupportmanden.dk\/index.php\/wp-json\/wp\/v2\/types\/page"}],"author":[{"embeddable":true,"href":"https:\/\/itsupportmanden.dk\/index.php\/wp-json\/wp\/v2\/users\/1"}],"replies":[{"embeddable":true,"href":"https:\/\/itsupportmanden.dk\/index.php\/wp-json\/wp\/v2\/comments?post=94"}],"version-history":[{"count":94,"href":"https:\/\/itsupportmanden.dk\/index.php\/wp-json\/wp\/v2\/pages\/94\/revisions"}],"predecessor-version":[{"id":359,"href":"https:\/\/itsupportmanden.dk\/index.php\/wp-json\/wp\/v2\/pages\/94\/revisions\/359"}],"wp:attachment":[{"href":"https:\/\/itsupportmanden.dk\/index.php\/wp-json\/wp\/v2\/media?parent=94"}],"curies":[{"name":"wp","href":"https:\/\/api.w.org\/{rel}","templated":true}]}}