{"id":92,"date":"2025-10-26T15:15:26","date_gmt":"2025-10-26T14:15:26","guid":{"rendered":"https:\/\/itsupportmanden.dk\/?page_id=92"},"modified":"2026-02-10T10:40:43","modified_gmt":"2026-02-10T09:40:43","slug":"kontakt","status":"publish","type":"page","link":"https:\/\/itsupportmanden.dk\/index.php\/kontakt\/","title":{"rendered":"KONTAKT"},"content":{"rendered":"\t\t<div data-elementor-type=\"wp-page\" data-elementor-id=\"92\" class=\"elementor elementor-92\">\n\t\t\t\t<div class=\"elementor-element elementor-element-98e5767 e-flex e-con-boxed e-con e-parent\" data-id=\"98e5767\" data-element_type=\"container\" data-e-type=\"container\">\n\t\t\t\t\t<div class=\"e-con-inner\">\n\t\t<div class=\"elementor-element elementor-element-904d758 e-con-full e-flex e-con e-child\" data-id=\"904d758\" data-element_type=\"container\" data-e-type=\"container\">\n\t\t\t\t<div class=\"elementor-element elementor-element-5a233a2 elementor-widget elementor-widget-heading\" data-id=\"5a233a2\" data-element_type=\"widget\" data-e-type=\"widget\" data-widget_type=\"heading.default\">\n\t\t\t\t\t<h1 class=\"elementor-heading-title elementor-size-default\">KONTAKT<\/h1>\t\t\t\t<\/div>\n\t\t\t\t<div class=\"elementor-element elementor-element-dc54aff elementor-icon-list--layout-traditional elementor-list-item-link-full_width elementor-widget elementor-widget-icon-list\" data-id=\"dc54aff\" data-element_type=\"widget\" data-e-type=\"widget\" data-widget_type=\"icon-list.default\">\n\t\t\t\t\t\t\t<ul class=\"elementor-icon-list-items\">\n\t\t\t\t\t\t\t<li class=\"elementor-icon-list-item\">\n\t\t\t\t\t\t\t\t\t\t\t<a href=\"https:\/\/maps.app.goo.gl\/BgEE47Ni4uHLPHxeA\">\n\n\t\t\t\t\t\t\t\t\t\t\t\t<span class=\"elementor-icon-list-icon\">\n\t\t\t\t\t\t\t<svg aria-hidden=\"true\" class=\"e-font-icon-svg e-far-map\" viewBox=\"0 0 576 512\" xmlns=\"http:\/\/www.w3.org\/2000\/svg\"><path d=\"M560.02 32c-1.96 0-3.98.37-5.96 1.16L384.01 96H384L212 35.28A64.252 64.252 0 0 0 191.76 32c-6.69 0-13.37 1.05-19.81 3.14L20.12 87.95A32.006 32.006 0 0 0 0 117.66v346.32C0 473.17 7.53 480 15.99 480c1.96 0 3.97-.37 5.96-1.16L192 416l172 60.71a63.98 63.98 0 0 0 40.05.15l151.83-52.81A31.996 31.996 0 0 0 576 394.34V48.02c0-9.19-7.53-16.02-15.98-16.02zM224 90.42l128 45.19v285.97l-128-45.19V90.42zM48 418.05V129.07l128-44.53v286.2l-.64.23L48 418.05zm480-35.13l-128 44.53V141.26l.64-.24L528 93.95v288.97z\"><\/path><\/svg>\t\t\t\t\t\t<\/span>\n\t\t\t\t\t\t\t\t\t\t<span class=\"elementor-icon-list-text\">Mogensgade 3D, 8500 Grenaa<\/span>\n\t\t\t\t\t\t\t\t\t\t\t<\/a>\n\t\t\t\t\t\t\t\t\t<\/li>\n\t\t\t\t\t\t\t\t<li class=\"elementor-icon-list-item\">\n\t\t\t\t\t\t\t\t\t\t\t<a href=\"tel:+45%2061%2040%2021%2031\">\n\n\t\t\t\t\t\t\t\t\t\t\t\t<span class=\"elementor-icon-list-icon\">\n\t\t\t\t\t\t\t<svg aria-hidden=\"true\" class=\"e-font-icon-svg e-fas-phone-alt\" viewBox=\"0 0 512 512\" xmlns=\"http:\/\/www.w3.org\/2000\/svg\"><path d=\"M497.39 361.8l-112-48a24 24 0 0 0-28 6.9l-49.6 60.6A370.66 370.66 0 0 1 130.6 204.11l60.6-49.6a23.94 23.94 0 0 0 6.9-28l-48-112A24.16 24.16 0 0 0 122.6.61l-104 24A24 24 0 0 0 0 48c0 256.5 207.9 464 464 464a24 24 0 0 0 23.4-18.6l24-104a24.29 24.29 0 0 0-14.01-27.6z\"><\/path><\/svg>\t\t\t\t\t\t<\/span>\n\t\t\t\t\t\t\t\t\t\t<span class=\"elementor-icon-list-text\">+45 61 40 21 31<\/span>\n\t\t\t\t\t\t\t\t\t\t\t<\/a>\n\t\t\t\t\t\t\t\t\t<\/li>\n\t\t\t\t\t\t\t\t<li class=\"elementor-icon-list-item\">\n\t\t\t\t\t\t\t\t\t\t\t<span class=\"elementor-icon-list-icon\">\n\t\t\t\t\t\t\t<svg aria-hidden=\"true\" class=\"e-font-icon-svg e-fas-sms\" viewBox=\"0 0 512 512\" xmlns=\"http:\/\/www.w3.org\/2000\/svg\"><path d=\"M256 32C114.6 32 0 125.1 0 240c0 49.6 21.4 95 57 130.7C44.5 421.1 2.7 466 2.2 466.5c-2.2 2.3-2.8 5.7-1.5 8.7 1.3 3 4.1 4.8 7.3 4.8 66.3 0 116-31.8 140.6-51.4 32.7 12.3 69 19.4 107.4 19.4 141.4 0 256-93.1 256-208S397.4 32 256 32zM128.2 304H116c-4.4 0-8-3.6-8-8v-16c0-4.4 3.6-8 8-8h12.3c6 0 10.4-3.5 10.4-6.6 0-1.3-.8-2.7-2.1-3.8l-21.9-18.8c-8.5-7.2-13.3-17.5-13.3-28.1 0-21.3 19-38.6 42.4-38.6H156c4.4 0 8 3.6 8 8v16c0 4.4-3.6 8-8 8h-12.3c-6 0-10.4 3.5-10.4 6.6 0 1.3.8 2.7 2.1 3.8l21.9 18.8c8.5 7.2 13.3 17.5 13.3 28.1.1 21.3-19 38.6-42.4 38.6zm191.8-8c0 4.4-3.6 8-8 8h-16c-4.4 0-8-3.6-8-8v-68.2l-24.8 55.8c-2.9 5.9-11.4 5.9-14.3 0L224 227.8V296c0 4.4-3.6 8-8 8h-16c-4.4 0-8-3.6-8-8V192c0-8.8 7.2-16 16-16h16c6.1 0 11.6 3.4 14.3 8.8l17.7 35.4 17.7-35.4c2.7-5.4 8.3-8.8 14.3-8.8h16c8.8 0 16 7.2 16 16v104zm48.3 8H356c-4.4 0-8-3.6-8-8v-16c0-4.4 3.6-8 8-8h12.3c6 0 10.4-3.5 10.4-6.6 0-1.3-.8-2.7-2.1-3.8l-21.9-18.8c-8.5-7.2-13.3-17.5-13.3-28.1 0-21.3 19-38.6 42.4-38.6H396c4.4 0 8 3.6 8 8v16c0 4.4-3.6 8-8 8h-12.3c-6 0-10.4 3.5-10.4 6.6 0 1.3.8 2.7 2.1 3.8l21.9 18.8c8.5 7.2 13.3 17.5 13.3 28.1.1 21.3-18.9 38.6-42.3 38.6z\"><\/path><\/svg>\t\t\t\t\t\t<\/span>\n\t\t\t\t\t\t\t\t\t\t<span class=\"elementor-icon-list-text\">+45 91 98 43 45<\/span>\n\t\t\t\t\t\t\t\t\t<\/li>\n\t\t\t\t\t\t\t\t<li class=\"elementor-icon-list-item\">\n\t\t\t\t\t\t\t\t\t\t\t<a href=\"mailto:info@itsupportmanden.dk?subject=Sp\u00f8rgsm\u00e5l\">\n\n\t\t\t\t\t\t\t\t\t\t\t\t<span class=\"elementor-icon-list-icon\">\n\t\t\t\t\t\t\t<svg aria-hidden=\"true\" class=\"e-font-icon-svg e-far-envelope\" viewBox=\"0 0 512 512\" xmlns=\"http:\/\/www.w3.org\/2000\/svg\"><path d=\"M464 64H48C21.49 64 0 85.49 0 112v288c0 26.51 21.49 48 48 48h416c26.51 0 48-21.49 48-48V112c0-26.51-21.49-48-48-48zm0 48v40.805c-22.422 18.259-58.168 46.651-134.587 106.49-16.841 13.247-50.201 45.072-73.413 44.701-23.208.375-56.579-31.459-73.413-44.701C106.18 199.465 70.425 171.067 48 152.805V112h416zM48 400V214.398c22.914 18.251 55.409 43.862 104.938 82.646 21.857 17.205 60.134 55.186 103.062 54.955 42.717.231 80.509-37.199 103.053-54.947 49.528-38.783 82.032-64.401 104.947-82.653V400H48z\"><\/path><\/svg>\t\t\t\t\t\t<\/span>\n\t\t\t\t\t\t\t\t\t\t<span class=\"elementor-icon-list-text\">info@itsupportmanden.dk<\/span>\n\t\t\t\t\t\t\t\t\t\t\t<\/a>\n\t\t\t\t\t\t\t\t\t<\/li>\n\t\t\t\t\t\t<\/ul>\n\t\t\t\t\t\t<\/div>\n\t\t\t\t<div class=\"elementor-element elementor-element-4cbd87d elementor-widget elementor-widget-text-editor\" data-id=\"4cbd87d\" data-element_type=\"widget\" data-e-type=\"widget\" data-widget_type=\"text-editor.default\">\n\t\t\t\t\t\t\t\t\t<p><strong>Har du sp\u00f8rgsm\u00e5l eller andet er du velkommen til at kontakte mig p\u00e5 mail eller telefonnr. i \u00e5bningstiden.<\/strong><\/p><p><strong>\u00d8nsker du at book tid, kan du g\u00f8r dette via booking siden eller p\u00e5 telefonen i \u00e5bningstiden.<\/strong><\/p>\t\t\t\t\t\t\t\t<\/div>\n\t\t\t\t<\/div>\n\t\t<div class=\"elementor-element elementor-element-390f326 e-con-full e-flex e-con e-child\" data-id=\"390f326\" data-element_type=\"container\" data-e-type=\"container\">\n\t\t\t\t<div class=\"elementor-element elementor-element-f5a0f27 elementor-widget elementor-widget-google_maps\" data-id=\"f5a0f27\" data-element_type=\"widget\" data-e-type=\"widget\" data-widget_type=\"google_maps.default\">\n\t\t\t\t\t\t\t<div class=\"elementor-custom-embed\">\n\t\t\t<iframe loading=\"lazy\"\n\t\t\t\t\tsrc=\"https:\/\/maps.google.com\/maps?q=IT%20Supportmanden%2C%20Mogensgade%203D%2C%208500%20Grenaa&#038;t=m&#038;z=18&#038;output=embed&#038;iwloc=near\"\n\t\t\t\t\ttitle=\"IT Supportmanden, Mogensgade 3D, 8500 Grenaa\"\n\t\t\t\t\taria-label=\"IT Supportmanden, Mogensgade 3D, 8500 Grenaa\"\n\t\t\t><\/iframe>\n\t\t<\/div>\n\t\t\t\t\t\t<\/div>\n\t\t\t\t<\/div>\n\t\t\t\t\t<\/div>\n\t\t\t\t<\/div>\n\t\t\t\t<\/div>\n\t\t","protected":false},"excerpt":{"rendered":"<p>KONTAKT Mogensgade 3D, 8500 Grenaa +45 61 40 21 31 +45 91 98 43 45 info@itsupportmanden.dk Har du sp\u00f8rgsm\u00e5l eller andet er du velkommen til at kontakte mig p\u00e5 mail eller telefonnr. i \u00e5bningstiden. \u00d8nsker du at book tid, kan du g\u00f8r dette via booking siden eller p\u00e5 telefonen i \u00e5bningstiden.<\/p>\n","protected":false},"author":1,"featured_media":0,"parent":0,"menu_order":0,"comment_status":"closed","ping_status":"closed","template":"","meta":{"footnotes":""},"class_list":["post-92","page","type-page","status-publish","hentry"],"_links":{"self":[{"href":"https:\/\/itsupportmanden.dk\/index.php\/wp-json\/wp\/v2\/pages\/92","targetHints":{"allow":["GET"]}}],"collection":[{"href":"https:\/\/itsupportmanden.dk\/index.php\/wp-json\/wp\/v2\/pages"}],"about":[{"href":"https:\/\/itsupportmanden.dk\/index.php\/wp-json\/wp\/v2\/types\/page"}],"author":[{"embeddable":true,"href":"https:\/\/itsupportmanden.dk\/index.php\/wp-json\/wp\/v2\/users\/1"}],"replies":[{"embeddable":true,"href":"https:\/\/itsupportmanden.dk\/index.php\/wp-json\/wp\/v2\/comments?post=92"}],"version-history":[{"count":33,"href":"https:\/\/itsupportmanden.dk\/index.php\/wp-json\/wp\/v2\/pages\/92\/revisions"}],"predecessor-version":[{"id":398,"href":"https:\/\/itsupportmanden.dk\/index.php\/wp-json\/wp\/v2\/pages\/92\/revisions\/398"}],"wp:attachment":[{"href":"https:\/\/itsupportmanden.dk\/index.php\/wp-json\/wp\/v2\/media?parent=92"}],"curies":[{"name":"wp","href":"https:\/\/api.w.org\/{rel}","templated":true}]}}